{"id":422,"date":"2023-05-13T11:09:10","date_gmt":"2023-05-13T09:09:10","guid":{"rendered":"http:\/\/codixservices.com\/2023\/?page_id=422"},"modified":"2023-05-13T13:54:03","modified_gmt":"2023-05-13T11:54:03","slug":"tronconneuse-a-des-automatique-td3000","status":"publish","type":"page","link":"https:\/\/codixservices.com\/2023\/tronconneuse-a-des-automatique-td3000\/","title":{"rendered":"TRON\u00c7ONNEUSE \u00c0 D\u00c9S AUTOMATIQUE TD3000"},"content":{"rendered":"<div class=\"wp-block-image\">\n<figure class=\"aligncenter size-full is-resized\"><img loading=\"lazy\" decoding=\"async\" src=\"http:\/\/codixservices.com\/2023\/wp-content\/uploads\/2023\/05\/td3000.jpg\" alt=\"\" class=\"wp-image-519\" width=\"500\" height=\"369\"\/><\/figure>\n<\/div>\n\n\n<div class=\"wp-block-group alignwide has-nv-light-bg-background-color has-background has-medium-font-size\"><div class=\"wp-block-group__inner-container is-layout-constrained wp-block-group-is-layout-constrained\">\n<p><strong>Tron\u00e7onneuse comprenant :<\/strong><\/p>\n\n\n\n<ul class=\"wp-block-list\">\n<li>B\u00e2ti en profil\u00e9s acier<\/li>\n\n\n\n<li>Presseur pneumatique pour blocage de la pi\u00e8ce durant la phase de coupe<\/li>\n\n\n\n<li>Carter de protection de lame<\/li>\n\n\n\n<li>Moteur d\u2019entra\u00eenement de lame<\/li>\n\n\n\n<li>Carter de protection avec dispositif de s\u00e9curit\u00e9<\/li>\n\n\n\n<li>Une sortie d\u2019aspiration.<\/li>\n<\/ul>\n<\/div><\/div>\n\n\n\n<p><strong>Caract\u00e9ristiques :<\/strong>&nbsp;Chevrons : Longueur standard : 2.40 m (maxi. 3 m : longueur \u00e0 confirmer) ;<br>Longueur mini. : 800 mm<br>D\u00e9s : Longueur de coupe : maxi. : 160 mm ; mini. : 60 mm<br>Section : Largeur maxi. 145 mm ; mini. : 60 mm<br>Hauteur maxi : 110 mm ; mini. : 60 mm<\/p>\n\n\n\n<p><strong>Techniques :<\/strong><br>Puissance \u00e9lectrique : 5 KW<br>Consommation d\u2019air : 6m3\/h \u00e0 7 bar<br>Moteur de coupe : 3 KW<br>Diam\u00e8tre lame : 450 mm<br>Vitesse de rotation : 3000 tours<br>Consommation d\u2019air pour l\u2019aspiration : 640 m3\/h<br>&gt;Vitesse de 28 m\/s<br>&gt;Diam\u00e8tre de la prise d\u2019aspiration : 1 x 90 mm<br><strong>Capacit\u00e9 :<\/strong>&nbsp;Production de 1600 d\u00e9s \/ heure pour des longueurs de chevrons de 2.40 m et de d\u00e9s de 100 mm<br><strong>R\u00e9glage :&nbsp;<\/strong>Programmation par clavier de la longueur de d\u00e9<br><strong>\u00c9quipements :<\/strong><br>Un stockage de chevrons<br>Avec transfert de stockage \u00e0 cha\u00eenes motoris\u00e9s pour 20 chevrons de 100<br>S\u00e9paration automatique des chevrons pour l\u2019introduction<br><strong>Un convoyeur d\u2019amenage (but\u00e9e m\u00e9canique de pouss\u00e9e du chevron)<\/strong>&nbsp;-Avec gestion de l\u2019avance par codeur associ\u00e9 \u00e0 un variateur<br><strong>Une tron\u00e7onneuse \u00e0 lame escamotable<\/strong>&nbsp;-Avec coupe d\u2019un chevron \u00e0 la fois et optimisation de la derni\u00e8re coupe<br><strong>Encombrement hors tout :<\/strong>&nbsp;Longueur 4600 x Largeur 2450 x Hauteur 1800<\/p>\n\n\n\n<div class=\"wp-block-columns has-nv-light-bg-background-color has-background is-layout-flex wp-container-core-columns-is-layout-9d6595d7 wp-block-columns-is-layout-flex\">\n<div class=\"wp-block-column is-layout-flow wp-block-column-is-layout-flow\"><div class=\"wp-block-image\">\n<figure class=\"aligncenter size-full is-resized\"><img loading=\"lazy\" decoding=\"async\" src=\"http:\/\/codixservices.com\/2023\/wp-content\/uploads\/2023\/05\/td3000_1.jpg\" alt=\"\" class=\"wp-image-522\" width=\"365\" height=\"267\"\/><\/figure>\n<\/div>\n\n\n<p class=\"has-text-align-center\">Option : \u00e9vacuation des cales par tapis \u00e9l\u00e9vateur<\/p>\n<\/div>\n\n\n\n<div class=\"wp-block-column is-layout-flow wp-block-column-is-layout-flow\"><div class=\"wp-block-image\">\n<figure class=\"aligncenter size-full is-resized\"><img loading=\"lazy\" decoding=\"async\" src=\"http:\/\/codixservices.com\/2023\/wp-content\/uploads\/2023\/05\/td3000_2.jpg\" alt=\"\" class=\"wp-image-523\" width=\"210\" height=\"268\"\/><\/figure>\n<\/div>\n\n\n<p class=\"has-text-align-center\">Gestion de la chute d\u00e9but et fin de chevron<\/p>\n<\/div>\n\n\n\n<div class=\"wp-block-column is-layout-flow wp-block-column-is-layout-flow\"><div class=\"wp-block-image\">\n<figure class=\"aligncenter size-full is-resized\"><img loading=\"lazy\" decoding=\"async\" src=\"http:\/\/codixservices.com\/2023\/wp-content\/uploads\/2023\/05\/td3000_3.jpg\" alt=\"\" class=\"wp-image-524\" width=\"363\" height=\"269\"\/><\/figure>\n<\/div>\n\n\n<p class=\"has-text-align-center\">But\u00e9e m\u00e9canique num\u00e9ris\u00e9e<\/p>\n<\/div>\n<\/div>\n","protected":false},"excerpt":{"rendered":"<p>Tron\u00e7onneuse comprenant : Caract\u00e9ristiques :&nbsp;Chevrons : Longueur standard : 2.40 m (maxi. 3 m : longueur \u00e0 confirmer) ;Longueur mini. : 800 mmD\u00e9s : Longueur de coupe : maxi. : 160 mm ; mini. : 60 mmSection : Largeur maxi. 145 mm ; mini. : 60 mmHauteur maxi : 110 mm ; mini. : 60&hellip;&nbsp;<a href=\"https:\/\/codixservices.com\/2023\/tronconneuse-a-des-automatique-td3000\/\" class=\"\" rel=\"bookmark\">Lire la suite &raquo;<span class=\"screen-reader-text\">TRON\u00c7ONNEUSE \u00c0 D\u00c9S AUTOMATIQUE TD3000<\/span><\/a><\/p>\n","protected":false},"author":1,"featured_media":0,"parent":0,"menu_order":0,"comment_status":"closed","ping_status":"closed","template":"","meta":{"neve_meta_sidebar":"","neve_meta_container":"","neve_meta_enable_content_width":"","neve_meta_content_width":0,"neve_meta_title_alignment":"","neve_meta_author_avatar":"","neve_post_elements_order":"","neve_meta_disable_header":"","neve_meta_disable_footer":"","neve_meta_disable_title":"","_themeisle_gutenberg_block_has_review":false,"_ti_tpc_template_sync":false,"_ti_tpc_template_id":"","footnotes":""},"class_list":["post-422","page","type-page","status-publish","hentry"],"_links":{"self":[{"href":"https:\/\/codixservices.com\/2023\/wp-json\/wp\/v2\/pages\/422","targetHints":{"allow":["GET"]}}],"collection":[{"href":"https:\/\/codixservices.com\/2023\/wp-json\/wp\/v2\/pages"}],"about":[{"href":"https:\/\/codixservices.com\/2023\/wp-json\/wp\/v2\/types\/page"}],"author":[{"embeddable":true,"href":"https:\/\/codixservices.com\/2023\/wp-json\/wp\/v2\/users\/1"}],"replies":[{"embeddable":true,"href":"https:\/\/codixservices.com\/2023\/wp-json\/wp\/v2\/comments?post=422"}],"version-history":[{"count":13,"href":"https:\/\/codixservices.com\/2023\/wp-json\/wp\/v2\/pages\/422\/revisions"}],"predecessor-version":[{"id":565,"href":"https:\/\/codixservices.com\/2023\/wp-json\/wp\/v2\/pages\/422\/revisions\/565"}],"wp:attachment":[{"href":"https:\/\/codixservices.com\/2023\/wp-json\/wp\/v2\/media?parent=422"}],"curies":[{"name":"wp","href":"https:\/\/api.w.org\/{rel}","templated":true}]}}